{"id":1891,"date":"2024-05-13T11:55:47","date_gmt":"2024-05-13T11:55:47","guid":{"rendered":"https:\/\/mapeatuviaje.com\/?page_id=1891"},"modified":"2024-05-21T13:58:37","modified_gmt":"2024-05-21T13:58:37","slug":"terminos-y-condiciones","status":"publish","type":"page","link":"https:\/\/mapeatuviaje.com\/en\/terminos-y-condiciones\/","title":{"rendered":"TERMINOS Y CONDICI\u00d3NES"},"content":{"rendered":"<p><strong>Fecha de \u00faltima actualizaci\u00f3n:<\/strong>&nbsp;01\/09\/2023<\/p>\n\n\n\n<p>Bienvenido a&nbsp;<strong>Mapea tu Viaje<\/strong>&nbsp;(\u00abnosotros\u00bb, \u00abnuestro\u00bb, \u00abnos\u00bb). Al acceder y utilizar nuestro sitio web www.mapeatuviaje.com y los servicios relacionados, usted acepta cumplir con los siguientes t\u00e9rminos y condiciones (\u00abT\u00e9rminos\u00bb). Si no est\u00e1 de acuerdo con estos T\u00e9rminos, le recomendamos que no utilice nuestro sitio web ni nuestros servicios.<\/p>\n\n\n\n<p><strong>Uso del Sitio Web<\/strong><\/p>\n\n\n\n<p>Al utilizar nuestro sitio web, usted declara que es mayor de edad y tiene capacidad legal para celebrar contratos.<br>Usted acepta utilizar nuestro sitio web y servicios de acuerdo con todas las leyes y regulaciones aplicables y estos T\u00e9rminos.<br>No utilizar\u00e1 nuestro sitio web para ning\u00fan prop\u00f3sito ilegal o no autorizado. Tampoco realizar\u00e1 actividades que puedan da\u00f1ar, sobrecargar o comprometer la seguridad de nuestro sitio web.<\/p>\n\n\n\n<p><strong>Reservas y Pagos<\/strong><\/p>\n\n\n\n<p>Al realizar una reserva a trav\u00e9s de nuestro sitio web, usted acepta cumplir con las condiciones establecidas para esa reserva, incluidas las pol\u00edticas de cancelaci\u00f3n y reembolso.<br>Los precios de los servicios pueden estar sujetos a cambios sin previo aviso. Usted ser\u00e1 responsable de pagar los importes totales indicados en el proceso de reserva.<\/p>\n\n\n\n<p><strong>Derechos de Propiedad Intelectual<\/strong><\/p>\n\n\n\n<p>Todo el contenido de nuestro sitio web, incluidos textos, im\u00e1genes, gr\u00e1ficos, logotipos y otros materiales, est\u00e1n protegidos por derechos de propiedad intelectual y son propiedad de Mapea tu Viaje o de sus proveedores de contenido.<br>Usted se compromete a no reproducir, distribuir, modificar o crear obras derivadas de ning\u00fan contenido de nuestro sitio web sin el consentimiento expreso por escrito de Mapea tu Viaje.<\/p>\n\n\n\n<p><strong>Limitaci\u00f3n de Responsabilidad<\/strong><\/p>\n\n\n\n<p>Mapea tu Viaje no ser\u00e1 responsable de ninguna p\u00e9rdida, da\u00f1o o reclamo relacionado con el uso de nuestro sitio web o servicios.<br>Usted reconoce que cualquier reserva o transacci\u00f3n realizada a trav\u00e9s de nuestro sitio web se hace bajo su propio riesgo y responsabilidad.<\/p>\n\n\n\n<p><strong>Enlaces a Terceros<\/strong><\/p>\n\n\n\n<p>Nuestro sitio web puede contener enlaces a sitios web de terceros. Estos enlaces se proporcionan solo para su conveniencia y no implican un respaldo por parte de Mapea tu Viaje.<br>No asumimos ninguna responsabilidad por el contenido, la exactitud o las pr\u00e1cticas de privacidad de estos sitios web de terceros.<\/p>\n\n\n\n<p><strong>Modificaciones de los T\u00e9rminos<\/strong><\/p>\n\n\n\n<p>Mapea tu Viaje se reserva el derecho de actualizar estos T\u00e9rminos en cualquier momento. Cualquier cambio ser\u00e1 notificado a los usuarios a trav\u00e9s del sitio web o por correo electr\u00f3nico.<\/p>\n\n\n\n<p><strong>Ley Aplicable y Jurisdicci\u00f3n<\/strong><\/p>\n\n\n\n<p>Estos T\u00e9rminos se regir\u00e1n e interpretar\u00e1n de acuerdo con las leyes de Espa\u00f1a. Cualquier disputa que surja en relaci\u00f3n con estos T\u00e9rminos estar\u00e1 sujeta a la jurisdicci\u00f3n exclusiva de los tribunales de Barcelona, Espa\u00f1a.<\/p>\n\n\n\n<p><strong>Contacto<\/strong><\/p>\n\n\n\n<p>Si tiene alguna pregunta o inquietud sobre estos T\u00e9rminos y Condiciones, puede ponerse en contacto con nosotros a trav\u00e9s de&nbsp;info@mapeatuviaje.com.<\/p>\n\n\n\n<p><strong>Fecha de \u00faltima actualizaci\u00f3n:<\/strong>&nbsp;01\/09\/2023<\/p>","protected":false},"excerpt":{"rendered":"<p>Fecha de \u00faltima actualizaci\u00f3n:&nbsp;01\/09\/2023 Bienvenido a&nbsp;Mapea tu Viaje&nbsp;(\u00abnosotros\u00bb, \u00abnuestro\u00bb, \u00abnos\u00bb). Al acceder y utilizar nuestro sitio web www.mapeatuviaje.com y los servicios relacionados, usted acepta cumplir con los siguientes t\u00e9rminos y condiciones (\u00abT\u00e9rminos\u00bb). Si no est\u00e1 de acuerdo con estos T\u00e9rminos, le recomendamos que no utilice nuestro sitio web ni nuestros servicios. Uso del Sitio Web Al utilizar nuestro sitio web, &hellip;<\/p>","protected":false},"author":1,"featured_media":0,"parent":0,"menu_order":0,"comment_status":"closed","ping_status":"closed","template":"","meta":{"footnotes":""},"class_list":["post-1891","page","type-page","status-publish","hentry"],"_links":{"self":[{"href":"https:\/\/mapeatuviaje.com\/en\/wp-json\/wp\/v2\/pages\/1891","targetHints":{"allow":["GET"]}}],"collection":[{"href":"https:\/\/mapeatuviaje.com\/en\/wp-json\/wp\/v2\/pages"}],"about":[{"href":"https:\/\/mapeatuviaje.com\/en\/wp-json\/wp\/v2\/types\/page"}],"author":[{"embeddable":true,"href":"https:\/\/mapeatuviaje.com\/en\/wp-json\/wp\/v2\/users\/1"}],"replies":[{"embeddable":true,"href":"https:\/\/mapeatuviaje.com\/en\/wp-json\/wp\/v2\/comments?post=1891"}],"version-history":[{"count":3,"href":"https:\/\/mapeatuviaje.com\/en\/wp-json\/wp\/v2\/pages\/1891\/revisions"}],"predecessor-version":[{"id":1894,"href":"https:\/\/mapeatuviaje.com\/en\/wp-json\/wp\/v2\/pages\/1891\/revisions\/1894"}],"wp:attachment":[{"href":"https:\/\/mapeatuviaje.com\/en\/wp-json\/wp\/v2\/media?parent=1891"}],"curies":[{"name":"wp","href":"https:\/\/api.w.org\/{rel}","templated":true}]}}